{"id":2722,"date":"2025-05-25T21:25:46","date_gmt":"2025-05-25T21:25:46","guid":{"rendered":"https:\/\/serpahotel.pt\/chanca-genuine-alentejo-cuisine-serpa\/"},"modified":"2026-02-16T18:17:01","modified_gmt":"2026-02-16T18:17:01","slug":"chanca-genuine-alentejo-cuisine-serpa","status":"publish","type":"page","link":"https:\/\/serpahotel.pt\/en\/chanca-genuine-alentejo-cuisine-serpa\/","title":{"rendered":"Chan\u00e7a | Genuine Alentejo Cuisine | Serpa"},"content":{"rendered":"<section class=\"l-section wpb_row height_auto full_height valign_center width_full with_img parallax_ver\"><div class=\"l-section-img\" role=\"img\" aria-label=\"Chan\u00e7a Restaurante Alentejano em Serpa\" data-img-width=\"1920\" data-img-height=\"1280\" style=\"background-image: url(https:\/\/serpahotel.pt\/wp-content\/uploads\/2025\/05\/Chanca-Restaurante-Serpa.webp);background-repeat: no-repeat;\"><\/div><div class=\"l-section-overlay\" style=\"background:rgba(0,0,0,0.3)\"><\/div><div class=\"l-section-h i-cf\"><div class=\"g-cols vc_row via_grid cols_1 laptops-cols_inherit tablets-cols_inherit mobiles-cols_1 valign_bottom type_default stacking_default\"><div class=\"wpb_column vc_column_container\"><div class=\"vc_column-inner\"><div class=\"wpb_text_column us_custom_7c6bd5ff\"><div class=\"wpb_wrapper\"><h1 style=\"text-align: center;\"><span style=\"color: #ffffff;\">CHAN\u00c7A<\/span><\/h1>\n<\/div><\/div><div class=\"wpb_text_column us_custom_f48cc0f8\"><div class=\"wpb_wrapper\"><p style=\"text-align: center;\"><span style=\"color: #ffffff;\"><br \/>\nGenuine Alentejo cuisine<br \/>\n<\/span><\/p>\n<\/div><\/div><\/div><\/div><\/div><\/div><\/section><section class=\"l-section wpb_row height_large\"><div class=\"l-section-h i-cf\"><div class=\"g-cols vc_row via_grid cols_2 laptops-cols_inherit tablets-cols_inherit mobiles-cols_1 valign_top type_default stacking_default\" style=\"--columns-gap:2rem;\"><div class=\"wpb_column vc_column_container\"><div class=\"vc_column-inner\"><div class=\"wpb_text_column\"><div class=\"wpb_wrapper\"><h3>Here we eat what is ours, simple and real<\/h3>\n<\/div><\/div><\/div><\/div><div class=\"wpb_column vc_column_container\"><div class=\"vc_column-inner\"><div class=\"wpb_text_column\"><div class=\"wpb_wrapper\"><div class=\"flex-shrink-0 flex flex-col relative items-end\">\n<div class=\"pt-0\">\n<div class=\"gizmo-bot-avatar flex h-8 w-8 items-center justify-center overflow-hidden rounded-full\">\n<div class=\"relative p-1 rounded-sm flex items-center justify-center bg-token-main-surface-primary text-token-text-primary h-8 w-8\">Genuine Alentejo cuisine is known for its simplicity, the use of fresh, local ingredients and the tradition that is passed on from generation to generation.<\/div>\n<\/div>\n<\/div>\n<\/div>\n<\/div><\/div><div class=\"w-separator size_custom\" style=\"height:10px\"><\/div><div class=\"wpb_text_column\"><div class=\"wpb_wrapper\"><div class=\"flex-shrink-0 flex flex-col relative items-end\">\n<div class=\"pt-0\">\n<div class=\"gizmo-bot-avatar flex h-8 w-8 items-center justify-center overflow-hidden rounded-full\">\n<div class=\"relative p-1 rounded-sm flex items-center justify-center bg-token-main-surface-primary text-token-text-primary h-8 w-8\">The origin of each dish, each tapa, begins in the fields of our region, in the hands that work in the kitchen, guided by the teachings of the ancients, and in the recipes that have always stayed here and will always stay here.<\/div>\n<\/div>\n<\/div>\n<\/div>\n<\/div><\/div><div class=\"w-separator size_small\"><\/div><div class=\"w-btn-wrapper align_left\"><a class=\"w-btn us-btn-style_3 SeeMoreButtonStyle us_custom_0fb0f71f SeeMoreButton icon_atright\" href=\"https:\/\/serpahotel.pt\/wp-content\/uploads\/2026\/02\/Menu-Restaurante-A3-3.pdf\"><span class=\"w-btn-label\">SEE MENU<\/span><i class=\"material-icons\">north_east<\/i><\/a><\/div><\/div><\/div><\/div><\/div><\/section><section class=\"l-section wpb_row us_custom_af5200d4 height_auto width_full\"><div class=\"l-section-h i-cf\"><div class=\"g-cols vc_row via_grid cols_3 laptops-cols_inherit tablets-cols_inherit mobiles-cols_1 valign_middle type_default stacking_default\" style=\"--columns-gap:1rem;\"><div class=\"wpb_column vc_column_container\"><div class=\"vc_column-inner\"><div class=\"w-image has_ratio align_none\"><div class=\"w-image-h\"><div style=\"padding-bottom:133.3333%\"><\/div><img decoding=\"async\" width=\"867\" height=\"1280\" src=\"https:\/\/serpahotel.pt\/wp-content\/uploads\/2025\/05\/Daniela-Ruas-Chanca-Restaurante-Serpa-Hotel.webp\" class=\"attachment-full size-full\" alt=\"Daniela Ruas Chan\u00e7a Restaurante Serpa Hotel\" loading=\"lazy\" \/><\/div><\/div><\/div><\/div><div class=\"wpb_column vc_column_container\"><div class=\"vc_column-inner\"><div class=\"w-image has_ratio align_none\"><div class=\"w-image-h\"><div style=\"padding-bottom:133.3333%\"><\/div><img decoding=\"async\" width=\"867\" height=\"1280\" src=\"https:\/\/serpahotel.pt\/wp-content\/uploads\/2025\/05\/Chanca-Serpa-Carne-Alentejana.webp\" class=\"attachment-full size-full\" alt=\"Chan\u00e7a Serpa Carne Alentejana\" loading=\"lazy\" \/><\/div><\/div><\/div><\/div><div class=\"wpb_column vc_column_container\"><div class=\"vc_column-inner\"><div class=\"w-image has_ratio align_none\"><div class=\"w-image-h\"><div style=\"padding-bottom:133.3333%\"><\/div><img decoding=\"async\" width=\"867\" height=\"1280\" src=\"https:\/\/serpahotel.pt\/wp-content\/uploads\/2025\/05\/Omelete-com-espargos.webp\" class=\"attachment-full size-full\" alt=\"Omelete com espargos Chan\u00e7a Restaurante Serpa\" loading=\"lazy\" \/><\/div><\/div><\/div><\/div><\/div><\/div><\/section><section class=\"l-section wpb_row height_medium\"><div class=\"l-section-h i-cf\"><div class=\"g-cols vc_row via_grid cols_1 laptops-cols_inherit tablets-cols_inherit mobiles-cols_1 valign_top type_default stacking_default\" style=\"--columns-gap:2rem;\"><div class=\"wpb_column vc_column_container\"><div class=\"vc_column-inner\"><div class=\"wpb_text_column\"><div class=\"wpb_wrapper\"><p>Chef Daniela Ruas, born and raised in Alentejo, learnt in her family\u2019s kitchens to name every ingredient and to value the trilogy that underpins Alentejo cuisine: olive oil, bread and aromatic herbs. It\u2019s this authenticity that she brings to Chan\u00e7a, where each dish and tapa (petisco in portuguese) draws on the heritage of the ancients, but is given a contemporary twist. <\/p>\n<p>Here tapas and dishes coexist without hierarchies: you can choose to share or savour alone, as you please. Among the tapas, we highlight the roast sausage, the rotten eggs and the scrambled eggs with wild asparagus \u2013 little pleasures that go perfectly with a glass of Alentejo wine. As for the dishes, the dogfish soup embraces tradition, served with a generous drizzle of olive oil. The pork secretos are tender and succulent, accompanied by roast potatoes, while the carne de alguidar takes on all its splendour in the carne de porco \u00e0 alentejana.<\/p>\n<\/div><\/div><\/div><\/div><\/div><\/div><\/section><section class=\"l-section wpb_row us_custom_fc57454d height_auto width_full\"><div class=\"l-section-h i-cf\"><div class=\"g-cols vc_row via_grid cols_3 laptops-cols_inherit tablets-cols_inherit mobiles-cols_1 valign_middle type_default stacking_default\" style=\"--columns-gap:1rem;\"><div class=\"wpb_column vc_column_container\"><div class=\"vc_column-inner\"><div class=\"w-image has_ratio align_none\"><div class=\"w-image-h\"><div style=\"padding-bottom:133.3333%\"><\/div><img decoding=\"async\" width=\"867\" height=\"1280\" src=\"https:\/\/serpahotel.pt\/wp-content\/uploads\/2025\/05\/Secretos-de-Porco-Chanca-Restaurante-Serpa.webp\" class=\"attachment-full size-full\" alt=\"Secretos de Porco Chan\u00e7a Restaurante Serpa\" loading=\"lazy\" \/><\/div><\/div><\/div><\/div><div class=\"wpb_column vc_column_container\"><div class=\"vc_column-inner\"><div class=\"w-image has_ratio align_none\"><div class=\"w-image-h\"><div style=\"padding-bottom:133.3333%\"><\/div><img decoding=\"async\" width=\"867\" height=\"1280\" src=\"https:\/\/serpahotel.pt\/wp-content\/uploads\/2025\/05\/Sopa-de-Cacao-Chanca-Restaurante-Serpa-Hotel.webp\" class=\"attachment-full size-full\" alt=\"Sopa de Ca\u00e7\u00e3o Chan\u00e7a Restaurante Serpa Hotel\" loading=\"lazy\" \/><\/div><\/div><\/div><\/div><div class=\"wpb_column vc_column_container\"><div class=\"vc_column-inner\"><div class=\"w-image has_ratio align_none\"><div class=\"w-image-h\"><div style=\"padding-bottom:133.3333%\"><\/div><img decoding=\"async\" width=\"867\" height=\"1280\" src=\"https:\/\/serpahotel.pt\/wp-content\/uploads\/2025\/05\/Chanca-Serpa-Ovos-Rotos.webp\" class=\"attachment-full size-full\" alt=\"Chan\u00e7a Serpa Ovos Rotos\" loading=\"lazy\" \/><\/div><\/div><\/div><\/div><\/div><\/div><\/section><section class=\"l-section wpb_row height_medium\"><div class=\"l-section-h i-cf\"><div class=\"g-cols vc_row via_grid cols_1 laptops-cols_inherit tablets-cols_inherit mobiles-cols_1 valign_top type_default stacking_default\" style=\"--columns-gap:2rem;\"><div class=\"wpb_column vc_column_container\"><div class=\"vc_column-inner\"><div class=\"wpb_text_column\"><div class=\"wpb_wrapper\"><p>The atmosphere at Chan\u00e7a is relaxed . Every meal is a quiet celebration of the Alentejo: between laughs, stories and the clink of wine glasses, you can feel the true hospitality of our region. It\u2019s a space for informal socialising, perfect for sharing tapas and lasting conversations, where regional tradition is interwoven with contemporary details.<\/p>\n<\/div><\/div><\/div><\/div><\/div><\/div><\/section><section class=\"l-section wpb_row us_custom_af5200d4 height_auto width_full\"><div class=\"l-section-h i-cf\"><div class=\"g-cols vc_row via_grid cols_3 laptops-cols_inherit tablets-cols_inherit mobiles-cols_1 valign_middle type_default stacking_default\" style=\"--columns-gap:1rem;\"><div class=\"wpb_column vc_column_container\"><div class=\"vc_column-inner\"><div class=\"w-image has_ratio align_none\"><div class=\"w-image-h\"><div style=\"padding-bottom:133.3333%\"><\/div><img decoding=\"async\" width=\"867\" height=\"1280\" src=\"https:\/\/serpahotel.pt\/wp-content\/uploads\/2025\/05\/Sala-Chanca-Restaurante-Serpa-1.webp\" class=\"attachment-full size-full\" alt=\"Sala Chan\u00e7a Restaurante Serpa\" loading=\"lazy\" \/><\/div><\/div><\/div><\/div><div class=\"wpb_column vc_column_container\"><div class=\"vc_column-inner\"><div class=\"w-image has_ratio align_none\"><div class=\"w-image-h\"><div style=\"padding-bottom:133.3333%\"><\/div><img decoding=\"async\" width=\"867\" height=\"1280\" src=\"https:\/\/serpahotel.pt\/wp-content\/uploads\/2025\/05\/Chanca-Restaurante-Serpa-1.webp\" class=\"attachment-full size-full\" alt=\"\" loading=\"lazy\" \/><\/div><\/div><\/div><\/div><div class=\"wpb_column vc_column_container\"><div class=\"vc_column-inner\"><div class=\"w-image has_ratio align_none\"><div class=\"w-image-h\"><div style=\"padding-bottom:133.3333%\"><\/div><img decoding=\"async\" width=\"867\" height=\"1280\" src=\"https:\/\/serpahotel.pt\/wp-content\/uploads\/2025\/05\/Restaurante-Serpa-Chanca.webp\" class=\"attachment-full size-full\" alt=\"Restaurante Serpa Chan\u00e7a\" loading=\"lazy\" \/><\/div><\/div><\/div><\/div><\/div><\/div><\/section><section class=\"l-section wpb_row height_small\"><div class=\"l-section-h i-cf\"><div class=\"g-cols vc_row via_grid cols_1 laptops-cols_inherit tablets-cols_inherit mobiles-cols_1 valign_top type_default stacking_default\"><div class=\"wpb_column vc_column_container\"><div class=\"vc_column-inner\"><div class=\"w-separator size_small\"><\/div><\/div><\/div><\/div><\/div><\/section>\n","protected":false},"excerpt":{"rendered":"CHAN\u00c7A Genuine Alentejo cuisine Here we eat what is ours, simple and real Genuine Alentejo cuisine is known for its simplicity, the use of fresh, local ingredients and the tradition that is passed on from generation to generation. The origin of each dish, each tapa, begins in the fields of our region, in the hands...","protected":false},"author":2,"featured_media":2549,"parent":0,"menu_order":0,"comment_status":"closed","ping_status":"closed","template":"","meta":{"footnotes":""},"class_list":["post-2722","page","type-page","status-publish","has-post-thumbnail","hentry"],"yoast_head":"<!-- This site is optimized with the Yoast SEO plugin v27.4 - https:\/\/yoast.com\/product\/yoast-seo-wordpress\/ -->\n<title>Chan\u00e7a Restaurant Serpa | Genuine Alentejo Cuisine<\/title>\n<meta name=\"description\" content=\"Chan\u00e7a, in Serpa: simple, true Alentejo flavours, where each dish is born in the fields of our land, guided by the knowledge of the ancients and the recipes that endure.\" \/>\n<meta name=\"robots\" content=\"index, follow, max-snippet:-1, max-image-preview:large, max-video-preview:-1\" \/>\n<link rel=\"canonical\" href=\"https:\/\/serpahotel.pt\/en\/chanca-genuine-alentejo-cuisine-serpa\/\" \/>\n<meta property=\"og:locale\" content=\"en_US\" \/>\n<meta property=\"og:type\" content=\"article\" \/>\n<meta property=\"og:title\" content=\"Chan\u00e7a Restaurant Serpa | Genuine Alentejo Cuisine\" \/>\n<meta property=\"og:description\" content=\"Chan\u00e7a, in Serpa: simple, true Alentejo flavours, where each dish is born in the fields of our land, guided by the knowledge of the ancients and the recipes that endure.\" \/>\n<meta property=\"og:url\" content=\"https:\/\/serpahotel.pt\/en\/chanca-genuine-alentejo-cuisine-serpa\/\" \/>\n<meta property=\"og:site_name\" content=\"Serpa Hotel - 4 star hotel located next to the medieval walls of Serpa, with the Alentejo plains and Beja on the horizon\" \/>\n<meta property=\"article:publisher\" content=\"https:\/\/www.facebook.com\/shserpahotel\" \/>\n<meta property=\"article:modified_time\" content=\"2026-02-16T18:17:01+00:00\" \/>\n<meta property=\"og:image\" content=\"https:\/\/serpahotel.pt\/wp-content\/uploads\/2025\/05\/Chanca-Restaurante-Serpa.webp\" \/>\n\t<meta property=\"og:image:width\" content=\"1920\" \/>\n\t<meta property=\"og:image:height\" content=\"1280\" \/>\n\t<meta property=\"og:image:type\" content=\"image\/webp\" \/>\n<meta name=\"twitter:card\" content=\"summary_large_image\" \/>\n<meta name=\"twitter:label1\" content=\"Est. reading time\" \/>\n\t<meta name=\"twitter:data1\" content=\"4 minutes\" \/>\n<script type=\"application\/ld+json\" class=\"yoast-schema-graph\">{\"@context\":\"https:\\\/\\\/schema.org\",\"@graph\":[{\"@type\":\"WebPage\",\"@id\":\"https:\\\/\\\/serpahotel.pt\\\/en\\\/chanca-genuine-alentejo-cuisine-serpa\\\/\",\"url\":\"https:\\\/\\\/serpahotel.pt\\\/en\\\/chanca-genuine-alentejo-cuisine-serpa\\\/\",\"name\":\"Chan\u00e7a Restaurant Serpa | Genuine Alentejo Cuisine\",\"isPartOf\":{\"@id\":\"https:\\\/\\\/serpahotel.pt\\\/en\\\/#website\"},\"primaryImageOfPage\":{\"@id\":\"https:\\\/\\\/serpahotel.pt\\\/en\\\/chanca-genuine-alentejo-cuisine-serpa\\\/#primaryimage\"},\"image\":{\"@id\":\"https:\\\/\\\/serpahotel.pt\\\/en\\\/chanca-genuine-alentejo-cuisine-serpa\\\/#primaryimage\"},\"thumbnailUrl\":\"https:\\\/\\\/serpahotel.pt\\\/wp-content\\\/uploads\\\/2025\\\/05\\\/Chanca-Restaurante-Serpa.webp\",\"datePublished\":\"2025-05-25T21:25:46+00:00\",\"dateModified\":\"2026-02-16T18:17:01+00:00\",\"description\":\"Chan\u00e7a, in Serpa: simple, true Alentejo flavours, where each dish is born in the fields of our land, guided by the knowledge of the ancients and the recipes that endure.\",\"breadcrumb\":{\"@id\":\"https:\\\/\\\/serpahotel.pt\\\/en\\\/chanca-genuine-alentejo-cuisine-serpa\\\/#breadcrumb\"},\"inLanguage\":\"en-US\",\"potentialAction\":[{\"@type\":\"ReadAction\",\"target\":[\"https:\\\/\\\/serpahotel.pt\\\/en\\\/chanca-genuine-alentejo-cuisine-serpa\\\/\"]}]},{\"@type\":\"ImageObject\",\"inLanguage\":\"en-US\",\"@id\":\"https:\\\/\\\/serpahotel.pt\\\/en\\\/chanca-genuine-alentejo-cuisine-serpa\\\/#primaryimage\",\"url\":\"https:\\\/\\\/serpahotel.pt\\\/wp-content\\\/uploads\\\/2025\\\/05\\\/Chanca-Restaurante-Serpa.webp\",\"contentUrl\":\"https:\\\/\\\/serpahotel.pt\\\/wp-content\\\/uploads\\\/2025\\\/05\\\/Chanca-Restaurante-Serpa.webp\",\"width\":1920,\"height\":1280,\"caption\":\"Chan\u00e7a Restaurante Alentejano em Serpa\"},{\"@type\":\"BreadcrumbList\",\"@id\":\"https:\\\/\\\/serpahotel.pt\\\/en\\\/chanca-genuine-alentejo-cuisine-serpa\\\/#breadcrumb\",\"itemListElement\":[{\"@type\":\"ListItem\",\"position\":1,\"name\":\"Home\",\"item\":\"https:\\\/\\\/serpahotel.pt\\\/en\\\/\"},{\"@type\":\"ListItem\",\"position\":2,\"name\":\"Chan\u00e7a | Genuine Alentejo Cuisine | Serpa\"}]},{\"@type\":\"WebSite\",\"@id\":\"https:\\\/\\\/serpahotel.pt\\\/en\\\/#website\",\"url\":\"https:\\\/\\\/serpahotel.pt\\\/en\\\/\",\"name\":\"www.serpahotel.pt\",\"description\":\"Serpa Hotel - staging website\",\"publisher\":{\"@id\":\"https:\\\/\\\/serpahotel.pt\\\/en\\\/#organization\"},\"potentialAction\":[{\"@type\":\"SearchAction\",\"target\":{\"@type\":\"EntryPoint\",\"urlTemplate\":\"https:\\\/\\\/serpahotel.pt\\\/en\\\/?s={search_term_string}\"},\"query-input\":{\"@type\":\"PropertyValueSpecification\",\"valueRequired\":true,\"valueName\":\"search_term_string\"}}],\"inLanguage\":\"en-US\"},{\"@type\":\"Organization\",\"@id\":\"https:\\\/\\\/serpahotel.pt\\\/en\\\/#organization\",\"name\":\"Serpa Hotel, Hotel de 4 Estrelas em Serpa\",\"url\":\"https:\\\/\\\/serpahotel.pt\\\/en\\\/\",\"logo\":{\"@type\":\"ImageObject\",\"inLanguage\":\"en-US\",\"@id\":\"https:\\\/\\\/serpahotel.pt\\\/en\\\/#\\\/schema\\\/logo\\\/image\\\/\",\"url\":\"https:\\\/\\\/serpahotel.pt\\\/wp-content\\\/uploads\\\/2024\\\/06\\\/Serpa-Hotel-Alentejo-Favicon.webp\",\"contentUrl\":\"https:\\\/\\\/serpahotel.pt\\\/wp-content\\\/uploads\\\/2024\\\/06\\\/Serpa-Hotel-Alentejo-Favicon.webp\",\"width\":317,\"height\":397,\"caption\":\"Serpa Hotel, Hotel de 4 Estrelas em Serpa\"},\"image\":{\"@id\":\"https:\\\/\\\/serpahotel.pt\\\/en\\\/#\\\/schema\\\/logo\\\/image\\\/\"},\"sameAs\":[\"https:\\\/\\\/www.facebook.com\\\/shserpahotel\"]}]}<\/script>\n<!-- \/ Yoast SEO plugin. -->","yoast_head_json":{"title":"Chan\u00e7a Restaurant Serpa | Genuine Alentejo Cuisine","description":"Chan\u00e7a, in Serpa: simple, true Alentejo flavours, where each dish is born in the fields of our land, guided by the knowledge of the ancients and the recipes that endure.","robots":{"index":"index","follow":"follow","max-snippet":"max-snippet:-1","max-image-preview":"max-image-preview:large","max-video-preview":"max-video-preview:-1"},"canonical":"https:\/\/serpahotel.pt\/en\/chanca-genuine-alentejo-cuisine-serpa\/","og_locale":"en_US","og_type":"article","og_title":"Chan\u00e7a Restaurant Serpa | Genuine Alentejo Cuisine","og_description":"Chan\u00e7a, in Serpa: simple, true Alentejo flavours, where each dish is born in the fields of our land, guided by the knowledge of the ancients and the recipes that endure.","og_url":"https:\/\/serpahotel.pt\/en\/chanca-genuine-alentejo-cuisine-serpa\/","og_site_name":"Serpa Hotel - 4 star hotel located next to the medieval walls of Serpa, with the Alentejo plains and Beja on the horizon","article_publisher":"https:\/\/www.facebook.com\/shserpahotel","article_modified_time":"2026-02-16T18:17:01+00:00","og_image":[{"width":1920,"height":1280,"url":"https:\/\/serpahotel.pt\/wp-content\/uploads\/2025\/05\/Chanca-Restaurante-Serpa.webp","type":"image\/webp"}],"twitter_card":"summary_large_image","twitter_misc":{"Est. reading time":"4 minutes"},"schema":{"@context":"https:\/\/schema.org","@graph":[{"@type":"WebPage","@id":"https:\/\/serpahotel.pt\/en\/chanca-genuine-alentejo-cuisine-serpa\/","url":"https:\/\/serpahotel.pt\/en\/chanca-genuine-alentejo-cuisine-serpa\/","name":"Chan\u00e7a Restaurant Serpa | Genuine Alentejo Cuisine","isPartOf":{"@id":"https:\/\/serpahotel.pt\/en\/#website"},"primaryImageOfPage":{"@id":"https:\/\/serpahotel.pt\/en\/chanca-genuine-alentejo-cuisine-serpa\/#primaryimage"},"image":{"@id":"https:\/\/serpahotel.pt\/en\/chanca-genuine-alentejo-cuisine-serpa\/#primaryimage"},"thumbnailUrl":"https:\/\/serpahotel.pt\/wp-content\/uploads\/2025\/05\/Chanca-Restaurante-Serpa.webp","datePublished":"2025-05-25T21:25:46+00:00","dateModified":"2026-02-16T18:17:01+00:00","description":"Chan\u00e7a, in Serpa: simple, true Alentejo flavours, where each dish is born in the fields of our land, guided by the knowledge of the ancients and the recipes that endure.","breadcrumb":{"@id":"https:\/\/serpahotel.pt\/en\/chanca-genuine-alentejo-cuisine-serpa\/#breadcrumb"},"inLanguage":"en-US","potentialAction":[{"@type":"ReadAction","target":["https:\/\/serpahotel.pt\/en\/chanca-genuine-alentejo-cuisine-serpa\/"]}]},{"@type":"ImageObject","inLanguage":"en-US","@id":"https:\/\/serpahotel.pt\/en\/chanca-genuine-alentejo-cuisine-serpa\/#primaryimage","url":"https:\/\/serpahotel.pt\/wp-content\/uploads\/2025\/05\/Chanca-Restaurante-Serpa.webp","contentUrl":"https:\/\/serpahotel.pt\/wp-content\/uploads\/2025\/05\/Chanca-Restaurante-Serpa.webp","width":1920,"height":1280,"caption":"Chan\u00e7a Restaurante Alentejano em Serpa"},{"@type":"BreadcrumbList","@id":"https:\/\/serpahotel.pt\/en\/chanca-genuine-alentejo-cuisine-serpa\/#breadcrumb","itemListElement":[{"@type":"ListItem","position":1,"name":"Home","item":"https:\/\/serpahotel.pt\/en\/"},{"@type":"ListItem","position":2,"name":"Chan\u00e7a | Genuine Alentejo Cuisine | Serpa"}]},{"@type":"WebSite","@id":"https:\/\/serpahotel.pt\/en\/#website","url":"https:\/\/serpahotel.pt\/en\/","name":"www.serpahotel.pt","description":"Serpa Hotel - staging website","publisher":{"@id":"https:\/\/serpahotel.pt\/en\/#organization"},"potentialAction":[{"@type":"SearchAction","target":{"@type":"EntryPoint","urlTemplate":"https:\/\/serpahotel.pt\/en\/?s={search_term_string}"},"query-input":{"@type":"PropertyValueSpecification","valueRequired":true,"valueName":"search_term_string"}}],"inLanguage":"en-US"},{"@type":"Organization","@id":"https:\/\/serpahotel.pt\/en\/#organization","name":"Serpa Hotel, Hotel de 4 Estrelas em Serpa","url":"https:\/\/serpahotel.pt\/en\/","logo":{"@type":"ImageObject","inLanguage":"en-US","@id":"https:\/\/serpahotel.pt\/en\/#\/schema\/logo\/image\/","url":"https:\/\/serpahotel.pt\/wp-content\/uploads\/2024\/06\/Serpa-Hotel-Alentejo-Favicon.webp","contentUrl":"https:\/\/serpahotel.pt\/wp-content\/uploads\/2024\/06\/Serpa-Hotel-Alentejo-Favicon.webp","width":317,"height":397,"caption":"Serpa Hotel, Hotel de 4 Estrelas em Serpa"},"image":{"@id":"https:\/\/serpahotel.pt\/en\/#\/schema\/logo\/image\/"},"sameAs":["https:\/\/www.facebook.com\/shserpahotel"]}]}},"_links":{"self":[{"href":"https:\/\/serpahotel.pt\/en\/wp-json\/wp\/v2\/pages\/2722","targetHints":{"allow":["GET"]}}],"collection":[{"href":"https:\/\/serpahotel.pt\/en\/wp-json\/wp\/v2\/pages"}],"about":[{"href":"https:\/\/serpahotel.pt\/en\/wp-json\/wp\/v2\/types\/page"}],"author":[{"embeddable":true,"href":"https:\/\/serpahotel.pt\/en\/wp-json\/wp\/v2\/users\/2"}],"replies":[{"embeddable":true,"href":"https:\/\/serpahotel.pt\/en\/wp-json\/wp\/v2\/comments?post=2722"}],"version-history":[{"count":9,"href":"https:\/\/serpahotel.pt\/en\/wp-json\/wp\/v2\/pages\/2722\/revisions"}],"predecessor-version":[{"id":3404,"href":"https:\/\/serpahotel.pt\/en\/wp-json\/wp\/v2\/pages\/2722\/revisions\/3404"}],"wp:featuredmedia":[{"embeddable":true,"href":"https:\/\/serpahotel.pt\/en\/wp-json\/wp\/v2\/media\/2549"}],"wp:attachment":[{"href":"https:\/\/serpahotel.pt\/en\/wp-json\/wp\/v2\/media?parent=2722"}],"curies":[{"name":"wp","href":"https:\/\/api.w.org\/{rel}","templated":true}]}}